{"id":2149,"date":"2022-03-09T09:49:41","date_gmt":"2022-03-09T07:49:41","guid":{"rendered":"https:\/\/thinkbeauty.es\/contacto\/"},"modified":"2025-02-19T08:18:34","modified_gmt":"2025-02-19T06:18:34","slug":"contacto","status":"publish","type":"page","link":"https:\/\/thinkbeauty.es\/es\/contacto\/","title":{"rendered":"Contacto"},"content":{"rendered":"\t\t<div data-elementor-type=\"wp-page\" data-elementor-id=\"2149\" class=\"elementor elementor-2149 elementor-207\" data-elementor-post-type=\"page\">\n\t\t\t\t\t\t<section class=\"elementor-section elementor-top-section elementor-element elementor-element-18b168d3 elementor-section-stretched elementor-section-boxed elementor-section-height-default elementor-section-height-default\" data-id=\"18b168d3\" data-element_type=\"section\" data-settings=\"{&quot;background_background&quot;:&quot;classic&quot;,&quot;stretch_section&quot;:&quot;section-stretched&quot;}\">\n\t\t\t\t\t\t<div class=\"elementor-container elementor-column-gap-default\">\n\t\t\t\t\t<div class=\"elementor-column elementor-col-100 elementor-top-column elementor-element elementor-element-1c1a71a6\" data-id=\"1c1a71a6\" data-element_type=\"column\">\n\t\t\t<div class=\"elementor-widget-wrap elementor-element-populated\">\n\t\t\t\t\t\t<div class=\"elementor-element elementor-element-6a529ff elementor-widget elementor-widget-heading\" data-id=\"6a529ff\" data-element_type=\"widget\" data-widget_type=\"heading.default\">\n\t\t\t\t<div class=\"elementor-widget-container\">\n\t\t\t\t\t<div class=\"elementor-heading-title elementor-size-default\">\u00bfPiensas que podr\u00edamos ser un match? \u00bfQuieres saber m\u00e1s sobre nosotros? <br>\u00bfEres experto en beauty y quieres colaborar con nosotros? <br>\u00a1Nos encantar\u00eda conectar y conocer tu proyecto!<\/div>\t\t\t\t<\/div>\n\t\t\t\t<\/div>\n\t\t\t\t<div class=\"elementor-element elementor-element-36cf7483 elementor-widget elementor-widget-heading\" data-id=\"36cf7483\" data-element_type=\"widget\" data-widget_type=\"heading.default\">\n\t\t\t\t<div class=\"elementor-widget-container\">\n\t\t\t\t\t<div class=\"elementor-heading-title elementor-size-default\">Cont\u00e1ctanos<br><\/div>\t\t\t\t<\/div>\n\t\t\t\t<\/div>\n\t\t\t\t<div class=\"elementor-element elementor-element-7ea9fc8b elementor-widget elementor-widget-heading\" data-id=\"7ea9fc8b\" data-element_type=\"widget\" data-widget_type=\"heading.default\">\n\t\t\t\t<div class=\"elementor-widget-container\">\n\t\t\t\t\t<p class=\"elementor-heading-title elementor-size-default\">Rellena el formulario a continuaci\u00f3n o escr\u00edbenos a hello@thinkbeauty.es<\/p>\t\t\t\t<\/div>\n\t\t\t\t<\/div>\n\t\t\t\t<div class=\"elementor-element elementor-element-7477f6d9 e-grid-align-left elementor-shape-square elementor-grid-0 elementor-widget elementor-widget-social-icons\" data-id=\"7477f6d9\" data-element_type=\"widget\" data-widget_type=\"social-icons.default\">\n\t\t\t\t<div class=\"elementor-widget-container\">\n\t\t\t\t\t\t\t<div class=\"elementor-social-icons-wrapper elementor-grid\" role=\"list\">\n\t\t\t\t\t\t\t<span class=\"elementor-grid-item\" role=\"listitem\">\n\t\t\t\t\t<a class=\"elementor-icon elementor-social-icon elementor-social-icon-linkedin elementor-animation-float elementor-repeater-item-d36bc29\" href=\"https:\/\/www.linkedin.com\/company\/thinkbeauty\/\" target=\"_blank\">\n\t\t\t\t\t\t<span class=\"elementor-screen-only\">Linkedin<\/span>\n\t\t\t\t\t\t<i aria-hidden=\"true\" class=\"fab fa-linkedin\"><\/i>\t\t\t\t\t<\/a>\n\t\t\t\t<\/span>\n\t\t\t\t\t\t\t<span class=\"elementor-grid-item\" role=\"listitem\">\n\t\t\t\t\t<a class=\"elementor-icon elementor-social-icon elementor-social-icon-instagram elementor-animation-float elementor-repeater-item-9e2e2b1\" href=\"https:\/\/www.instagram.com\/thinkbeauty_es\/\" target=\"_blank\">\n\t\t\t\t\t\t<span class=\"elementor-screen-only\">Instagram<\/span>\n\t\t\t\t\t\t<i aria-hidden=\"true\" class=\"fab fa-instagram\"><\/i>\t\t\t\t\t<\/a>\n\t\t\t\t<\/span>\n\t\t\t\t\t\t\t<span class=\"elementor-grid-item\" role=\"listitem\">\n\t\t\t\t\t<a class=\"elementor-icon elementor-social-icon elementor-social-icon-envelope elementor-animation-float elementor-repeater-item-4e4ea04\" href=\"mailto:hello@thinkbeauty.es\" target=\"_blank\">\n\t\t\t\t\t\t<span class=\"elementor-screen-only\">Envelope<\/span>\n\t\t\t\t\t\t<i aria-hidden=\"true\" class=\"fas fa-envelope\"><\/i>\t\t\t\t\t<\/a>\n\t\t\t\t<\/span>\n\t\t\t\t\t<\/div>\n\t\t\t\t\t\t<\/div>\n\t\t\t\t<\/div>\n\t\t\t\t\t<\/div>\n\t\t<\/div>\n\t\t\t\t\t<\/div>\n\t\t<\/section>\n\t\t\t\t<section class=\"elementor-section elementor-top-section elementor-element elementor-element-12b6225 elementor-section-content-middle elementor-section-stretched elementor-section-boxed elementor-section-height-default elementor-section-height-default\" data-id=\"12b6225\" data-element_type=\"section\" data-settings=\"{&quot;background_background&quot;:&quot;classic&quot;,&quot;stretch_section&quot;:&quot;section-stretched&quot;}\">\n\t\t\t\t\t\t<div class=\"elementor-container elementor-column-gap-default\">\n\t\t\t\t\t<div class=\"elementor-column elementor-col-50 elementor-top-column elementor-element elementor-element-de908c7\" data-id=\"de908c7\" data-element_type=\"column\">\n\t\t\t<div class=\"elementor-widget-wrap elementor-element-populated\">\n\t\t\t\t\t\t<div class=\"elementor-element elementor-element-d3962c3 elementor-widget elementor-widget-image\" data-id=\"d3962c3\" data-element_type=\"widget\" data-widget_type=\"image.default\">\n\t\t\t\t<div class=\"elementor-widget-container\">\n\t\t\t\t\t\t\t\t\t\t\t\t\t\t\t<img decoding=\"async\" src=\"https:\/\/thinkbeauty.es\/wp-content\/uploads\/elementor\/thumbs\/Think_Hands_web-qrjrxzhhekgtj4yqus66bsu8nx2pzzhsn9ds42btn0.jpg\" title=\"Think_Manos_web\" alt=\"Think_Manos_web\" loading=\"lazy\" \/>\t\t\t\t\t\t\t\t\t\t\t\t\t\t\t<\/div>\n\t\t\t\t<\/div>\n\t\t\t\t\t<\/div>\n\t\t<\/div>\n\t\t\t\t<div class=\"elementor-column elementor-col-50 elementor-top-column elementor-element elementor-element-e82b31c\" data-id=\"e82b31c\" data-element_type=\"column\">\n\t\t\t<div class=\"elementor-widget-wrap elementor-element-populated\">\n\t\t\t\t\t\t<div class=\"elementor-element elementor-element-9f2a114 e-transform e-transform elementor-widget elementor-widget-shortcode\" data-id=\"9f2a114\" data-element_type=\"widget\" data-settings=\"{&quot;_transform_rotateZ_effect&quot;:{&quot;unit&quot;:&quot;px&quot;,&quot;size&quot;:&quot;&quot;,&quot;sizes&quot;:[]},&quot;_transform_rotateZ_effect_tablet&quot;:{&quot;unit&quot;:&quot;deg&quot;,&quot;size&quot;:&quot;&quot;,&quot;sizes&quot;:[]},&quot;_transform_rotateZ_effect_mobile&quot;:{&quot;unit&quot;:&quot;deg&quot;,&quot;size&quot;:&quot;&quot;,&quot;sizes&quot;:[]},&quot;_transform_translateX_effect&quot;:{&quot;unit&quot;:&quot;px&quot;,&quot;size&quot;:&quot;&quot;,&quot;sizes&quot;:[]},&quot;_transform_translateX_effect_tablet&quot;:{&quot;unit&quot;:&quot;px&quot;,&quot;size&quot;:&quot;&quot;,&quot;sizes&quot;:[]},&quot;_transform_translateX_effect_mobile&quot;:{&quot;unit&quot;:&quot;px&quot;,&quot;size&quot;:&quot;&quot;,&quot;sizes&quot;:[]},&quot;_transform_translateY_effect&quot;:{&quot;unit&quot;:&quot;px&quot;,&quot;size&quot;:&quot;&quot;,&quot;sizes&quot;:[]},&quot;_transform_translateY_effect_tablet&quot;:{&quot;unit&quot;:&quot;px&quot;,&quot;size&quot;:&quot;&quot;,&quot;sizes&quot;:[]},&quot;_transform_translateY_effect_mobile&quot;:{&quot;unit&quot;:&quot;px&quot;,&quot;size&quot;:&quot;&quot;,&quot;sizes&quot;:[]}}\" data-widget_type=\"shortcode.default\">\n\t\t\t\t<div class=\"elementor-widget-container\">\n\t\t\t\t\t\t\t<div class=\"elementor-shortcode\">\n<div class=\"wpcf7 no-js\" id=\"wpcf7-f2161-o1\" lang=\"es-ES\" dir=\"ltr\" data-wpcf7-id=\"2161\">\n<div class=\"screen-reader-response\"><p role=\"status\" aria-live=\"polite\" aria-atomic=\"true\"><\/p> <ul><\/ul><\/div>\n<form action=\"\/es\/wp-json\/wp\/v2\/pages\/2149#wpcf7-f2161-o1\" method=\"post\" class=\"wpcf7-form init\" aria-label=\"Formulario de contacto\" novalidate=\"novalidate\" data-status=\"init\">\n<fieldset class=\"hidden-fields-container\"><input type=\"hidden\" name=\"_wpcf7\" value=\"2161\" \/><input type=\"hidden\" name=\"_wpcf7_version\" value=\"6.1.3\" \/><input type=\"hidden\" name=\"_wpcf7_locale\" value=\"es_ES\" \/><input type=\"hidden\" name=\"_wpcf7_unit_tag\" value=\"wpcf7-f2161-o1\" \/><input type=\"hidden\" name=\"_wpcf7_container_post\" value=\"0\" \/><input type=\"hidden\" name=\"_wpcf7_posted_data_hash\" value=\"\" \/>\n<\/fieldset>\n<p><span class=\"wpcf7-form-control-wrap\" data-name=\"your-name\"><input size=\"40\" maxlength=\"400\" class=\"wpcf7-form-control wpcf7-text wpcf7-validates-as-required\" aria-required=\"true\" aria-invalid=\"false\" placeholder=\"Tu nombre\" value=\"\" type=\"text\" name=\"your-name\" \/><\/span><br \/>\n<span class=\"wpcf7-form-control-wrap\" data-name=\"your-email\"><input size=\"40\" maxlength=\"400\" class=\"wpcf7-form-control wpcf7-text wpcf7-validates-as-required\" aria-required=\"true\" aria-invalid=\"false\" placeholder=\"Tu email\" value=\"\" type=\"text\" name=\"your-email\" \/><\/span><br \/>\n<span class=\"wpcf7-form-control-wrap\" data-name=\"your-url\"><input size=\"40\" maxlength=\"400\" class=\"wpcf7-form-control wpcf7-url wpcf7-text wpcf7-validates-as-url\" aria-invalid=\"false\" placeholder=\"URL de tu p\u00e1gina web\" value=\"\" type=\"url\" name=\"your-url\" \/><\/span><br \/>\n<span class=\"wpcf7-form-control-wrap\" data-name=\"your-subject\"><input size=\"40\" maxlength=\"400\" class=\"wpcf7-form-control wpcf7-text\" aria-invalid=\"false\" placeholder=\"Asunto o consulta\" value=\"\" type=\"text\" name=\"your-subject\" \/><\/span><br \/>\n<span class=\"wpcf7-form-control-wrap\" data-name=\"your-message\"><textarea cols=\"5\" rows=\"1\" maxlength=\"2000\" class=\"wpcf7-form-control wpcf7-textarea\" aria-invalid=\"false\" placeholder=\"Escribe tu mensaje aqu\u00ed ...\" name=\"your-message\"><\/textarea><\/span><br \/>\n<input class=\"wpcf7-form-control wpcf7-submit has-spinner\" id=\"SendMessage\" type=\"submit\" value=\"Enviar\" \/>\n<\/p><p style=\"display: none !important;\" class=\"akismet-fields-container\" data-prefix=\"_wpcf7_ak_\"><label>&#916;<textarea name=\"_wpcf7_ak_hp_textarea\" cols=\"45\" rows=\"8\" maxlength=\"100\"><\/textarea><\/label><input type=\"hidden\" id=\"ak_js_1\" name=\"_wpcf7_ak_js\" value=\"241\"\/><script>document.getElementById( \"ak_js_1\" ).setAttribute( \"value\", ( new Date() ).getTime() );<\/script><\/p><div class=\"wpcf7-response-output\" aria-hidden=\"true\"><\/div>\n<\/form>\n<\/div>\n<\/div>\n\t\t\t\t\t\t<\/div>\n\t\t\t\t<\/div>\n\t\t\t\t\t<\/div>\n\t\t<\/div>\n\t\t\t\t\t<\/div>\n\t\t<\/section>\n\t\t\t\t<section class=\"elementor-section elementor-top-section elementor-element elementor-element-ccf4e9b elementor-section-content-middle elementor-section-stretched elementor-section-boxed elementor-section-height-default elementor-section-height-default\" data-id=\"ccf4e9b\" data-element_type=\"section\" data-settings=\"{&quot;background_background&quot;:&quot;classic&quot;,&quot;stretch_section&quot;:&quot;section-stretched&quot;}\">\n\t\t\t\t\t\t<div class=\"elementor-container elementor-column-gap-default\">\n\t\t\t\t\t<div class=\"elementor-column elementor-col-50 elementor-top-column elementor-element elementor-element-f2f1d47\" data-id=\"f2f1d47\" data-element_type=\"column\">\n\t\t\t<div class=\"elementor-widget-wrap elementor-element-populated\">\n\t\t\t\t\t\t<div class=\"elementor-element elementor-element-03f26e7 elementor-widget elementor-widget-image\" data-id=\"03f26e7\" data-element_type=\"widget\" data-widget_type=\"image.default\">\n\t\t\t\t<div class=\"elementor-widget-container\">\n\t\t\t\t\t\t\t\t\t\t\t\t\t\t\t<img fetchpriority=\"high\" decoding=\"async\" width=\"529\" height=\"623\" src=\"https:\/\/thinkbeauty.es\/wp-content\/uploads\/2024\/12\/Portada-Calendario-2025_HomeWeb.jpg\" class=\"attachment-full size-full wp-image-2969\" alt=\"\" srcset=\"https:\/\/thinkbeauty.es\/wp-content\/uploads\/2024\/12\/Portada-Calendario-2025_HomeWeb.jpg 529w, https:\/\/thinkbeauty.es\/wp-content\/uploads\/2024\/12\/Portada-Calendario-2025_HomeWeb-255x300.jpg 255w\" sizes=\"(max-width: 529px) 100vw, 529px\" \/>\t\t\t\t\t\t\t\t\t\t\t\t\t\t\t<\/div>\n\t\t\t\t<\/div>\n\t\t\t\t\t<\/div>\n\t\t<\/div>\n\t\t\t\t<div class=\"elementor-column elementor-col-50 elementor-top-column elementor-element elementor-element-09c059f\" data-id=\"09c059f\" data-element_type=\"column\">\n\t\t\t<div class=\"elementor-widget-wrap elementor-element-populated\">\n\t\t\t\t\t\t<div class=\"elementor-element elementor-element-06d1ca1 elementor-widget elementor-widget-heading\" data-id=\"06d1ca1\" data-element_type=\"widget\" data-widget_type=\"heading.default\">\n\t\t\t\t<div class=\"elementor-widget-container\">\n\t\t\t\t\t<h2 class=\"elementor-heading-title elementor-size-default\">Planifica tu 2025<\/h2>\t\t\t\t<\/div>\n\t\t\t\t<\/div>\n\t\t\t\t<div class=\"elementor-element elementor-element-4191569 elementor-widget-divider--view-line elementor-widget elementor-widget-divider\" data-id=\"4191569\" data-element_type=\"widget\" data-widget_type=\"divider.default\">\n\t\t\t\t<div class=\"elementor-widget-container\">\n\t\t\t\t\t\t\t<div class=\"elementor-divider\">\n\t\t\t<span class=\"elementor-divider-separator\">\n\t\t\t\t\t\t<\/span>\n\t\t<\/div>\n\t\t\t\t\t\t<\/div>\n\t\t\t\t<\/div>\n\t\t\t\t<div class=\"elementor-element elementor-element-112522a elementor-widget__width-initial elementor-widget elementor-widget-text-editor\" data-id=\"112522a\" data-element_type=\"widget\" data-widget_type=\"text-editor.default\">\n\t\t\t\t<div class=\"elementor-widget-container\">\n\t\t\t\t\t\t\t\t\t<p>\u00bfEres marketer o founder en el sector belleza y bienestar? Hemos recopilado una selecci\u00f3n de m\u00e1s de 40 eventos nacionales e internacionales y fechas clave del calendario 2025 para conectar con la industria, inspirarte y crecer juntos.<\/p><p>\u00a1<b>Descarga tu copia gratis!<\/b><\/p><p><iframe style=\"margin: 0; border-radius: 0px !important; background-color: transparent;\" src=\"https:\/\/embeds.beehiiv.com\/91f404c7-5393-483f-9e58-bab216877be8?slim=true\" height=\"52\" frameborder=\"0\" scrolling=\"no\" data-test-id=\"beehiiv-embed\"><span data-mce-type=\"bookmark\" style=\"display: inline-block; width: 0px; overflow: hidden; line-height: 0;\" class=\"mce_SELRES_start\">\ufeff<\/span><\/iframe><\/p>\t\t\t\t\t\t\t\t<\/div>\n\t\t\t\t<\/div>\n\t\t\t\t\t<\/div>\n\t\t<\/div>\n\t\t\t\t\t<\/div>\n\t\t<\/section>\n\t\t\t\t<\/div>\n\t\t","protected":false},"excerpt":{"rendered":"<p>\u00bfPiensas que podr\u00edamos ser un match? \u00bfQuieres saber m\u00e1s sobre nosotros? \u00bfEres experto en beauty y quieres colaborar con nosotros? \u00a1Nos encantar\u00eda conectar y conocer tu proyecto! Cont\u00e1ctanos Rellena el formulario a continuaci\u00f3n o escr\u00edbenos a hello@thinkbeauty.es Linkedin Instagram Envelope Planifica tu 2025 \u00bfEres marketer o founder en el sector belleza y bienestar? Hemos recopilado [&hellip;]<\/p>\n","protected":false},"author":1,"featured_media":0,"parent":0,"menu_order":0,"comment_status":"closed","ping_status":"closed","template":"","meta":{"footnotes":""},"class_list":["post-2149","page","type-page","status-publish","hentry"],"yoast_head":"<!-- This site is optimized with the Yoast SEO plugin v26.4 - https:\/\/yoast.com\/wordpress\/plugins\/seo\/ -->\n<title>Contacto - Think Beauty<\/title>\n<meta name=\"robots\" content=\"index, follow, max-snippet:-1, max-image-preview:large, max-video-preview:-1\" \/>\n<link rel=\"canonical\" href=\"https:\/\/thinkbeauty.es\/es\/contacto\/\" \/>\n<meta property=\"og:locale\" content=\"es_ES\" \/>\n<meta property=\"og:type\" content=\"article\" \/>\n<meta property=\"og:title\" content=\"Contacto - Think Beauty\" \/>\n<meta property=\"og:description\" content=\"\u00bfPiensas que podr\u00edamos ser un match? \u00bfQuieres saber m\u00e1s sobre nosotros? \u00bfEres experto en beauty y quieres colaborar con nosotros? \u00a1Nos encantar\u00eda conectar y conocer tu proyecto! Cont\u00e1ctanos Rellena el formulario a continuaci\u00f3n o escr\u00edbenos a hello@thinkbeauty.es Linkedin Instagram Envelope Planifica tu 2025 \u00bfEres marketer o founder en el sector belleza y bienestar? Hemos recopilado [&hellip;]\" \/>\n<meta property=\"og:url\" content=\"https:\/\/thinkbeauty.es\/es\/contacto\/\" \/>\n<meta property=\"og:site_name\" content=\"Think Beauty\" \/>\n<meta property=\"article:modified_time\" content=\"2025-02-19T06:18:34+00:00\" \/>\n<meta property=\"og:image\" content=\"https:\/\/thinkbeauty.es\/wp-content\/uploads\/elementor\/thumbs\/Think_Hands_web-qrjrxzhhekgtj4yqus66bsu8nx2pzzhsn9drvd5nnk.jpg\" \/>\n<meta name=\"twitter:card\" content=\"summary_large_image\" \/>\n<script type=\"application\/ld+json\" class=\"yoast-schema-graph\">{\"@context\":\"https:\/\/schema.org\",\"@graph\":[{\"@type\":\"WebPage\",\"@id\":\"https:\/\/thinkbeauty.es\/es\/contacto\/\",\"url\":\"https:\/\/thinkbeauty.es\/es\/contacto\/\",\"name\":\"Contacto - Think Beauty\",\"isPartOf\":{\"@id\":\"https:\/\/thinkbeauty.es\/es\/#website\"},\"primaryImageOfPage\":{\"@id\":\"https:\/\/thinkbeauty.es\/es\/contacto\/#primaryimage\"},\"image\":{\"@id\":\"https:\/\/thinkbeauty.es\/es\/contacto\/#primaryimage\"},\"thumbnailUrl\":\"https:\/\/thinkbeauty.es\/wp-content\/uploads\/elementor\/thumbs\/Think_Hands_web-qrjrxzhhekgtj4yqus66bsu8nx2pzzhsn9drvd5nnk.jpg\",\"datePublished\":\"2022-03-09T07:49:41+00:00\",\"dateModified\":\"2025-02-19T06:18:34+00:00\",\"breadcrumb\":{\"@id\":\"https:\/\/thinkbeauty.es\/es\/contacto\/#breadcrumb\"},\"inLanguage\":\"es\",\"potentialAction\":[{\"@type\":\"ReadAction\",\"target\":[\"https:\/\/thinkbeauty.es\/es\/contacto\/\"]}]},{\"@type\":\"ImageObject\",\"inLanguage\":\"es\",\"@id\":\"https:\/\/thinkbeauty.es\/es\/contacto\/#primaryimage\",\"url\":\"https:\/\/thinkbeauty.es\/wp-content\/uploads\/elementor\/thumbs\/Think_Hands_web-qrjrxzhhekgtj4yqus66bsu8nx2pzzhsn9drvd5nnk.jpg\",\"contentUrl\":\"https:\/\/thinkbeauty.es\/wp-content\/uploads\/elementor\/thumbs\/Think_Hands_web-qrjrxzhhekgtj4yqus66bsu8nx2pzzhsn9drvd5nnk.jpg\"},{\"@type\":\"BreadcrumbList\",\"@id\":\"https:\/\/thinkbeauty.es\/es\/contacto\/#breadcrumb\",\"itemListElement\":[{\"@type\":\"ListItem\",\"position\":1,\"name\":\"Home\",\"item\":\"https:\/\/thinkbeauty.es\/es\/\"},{\"@type\":\"ListItem\",\"position\":2,\"name\":\"Contacto\"}]},{\"@type\":\"WebSite\",\"@id\":\"https:\/\/thinkbeauty.es\/es\/#website\",\"url\":\"https:\/\/thinkbeauty.es\/es\/\",\"name\":\"Think Beauty\",\"description\":\"Ayudamos a marcas y founders extraordinarios a generar impacto en el \u00e1mbito de la belleza y del bienestar.\",\"publisher\":{\"@id\":\"https:\/\/thinkbeauty.es\/es\/#organization\"},\"potentialAction\":[{\"@type\":\"SearchAction\",\"target\":{\"@type\":\"EntryPoint\",\"urlTemplate\":\"https:\/\/thinkbeauty.es\/es\/?s={search_term_string}\"},\"query-input\":{\"@type\":\"PropertyValueSpecification\",\"valueRequired\":true,\"valueName\":\"search_term_string\"}}],\"inLanguage\":\"es\"},{\"@type\":\"Organization\",\"@id\":\"https:\/\/thinkbeauty.es\/es\/#organization\",\"name\":\"Think Beauty\",\"url\":\"https:\/\/thinkbeauty.es\/es\/\",\"logo\":{\"@type\":\"ImageObject\",\"inLanguage\":\"es\",\"@id\":\"https:\/\/thinkbeauty.es\/es\/#\/schema\/logo\/image\/\",\"url\":\"https:\/\/thinkbeauty.es\/wp-content\/uploads\/2025\/02\/cropped-Think-Beauty_Logotipo_Azul-3.png\",\"contentUrl\":\"https:\/\/thinkbeauty.es\/wp-content\/uploads\/2025\/02\/cropped-Think-Beauty_Logotipo_Azul-3.png\",\"width\":780,\"height\":210,\"caption\":\"Think Beauty\"},\"image\":{\"@id\":\"https:\/\/thinkbeauty.es\/es\/#\/schema\/logo\/image\/\"},\"sameAs\":[\"https:\/\/www.instagram.com\/thinkbeauty_es\/\",\"https:\/\/www.linkedin.com\/company\/thinkbeauty\/\"]}]}<\/script>\n<!-- \/ Yoast SEO plugin. -->","yoast_head_json":{"title":"Contacto - Think Beauty","robots":{"index":"index","follow":"follow","max-snippet":"max-snippet:-1","max-image-preview":"max-image-preview:large","max-video-preview":"max-video-preview:-1"},"canonical":"https:\/\/thinkbeauty.es\/es\/contacto\/","og_locale":"es_ES","og_type":"article","og_title":"Contacto - Think Beauty","og_description":"\u00bfPiensas que podr\u00edamos ser un match? \u00bfQuieres saber m\u00e1s sobre nosotros? \u00bfEres experto en beauty y quieres colaborar con nosotros? \u00a1Nos encantar\u00eda conectar y conocer tu proyecto! Cont\u00e1ctanos Rellena el formulario a continuaci\u00f3n o escr\u00edbenos a hello@thinkbeauty.es Linkedin Instagram Envelope Planifica tu 2025 \u00bfEres marketer o founder en el sector belleza y bienestar? Hemos recopilado [&hellip;]","og_url":"https:\/\/thinkbeauty.es\/es\/contacto\/","og_site_name":"Think Beauty","article_modified_time":"2025-02-19T06:18:34+00:00","og_image":[{"url":"https:\/\/thinkbeauty.es\/wp-content\/uploads\/elementor\/thumbs\/Think_Hands_web-qrjrxzhhekgtj4yqus66bsu8nx2pzzhsn9drvd5nnk.jpg","type":"","width":"","height":""}],"twitter_card":"summary_large_image","schema":{"@context":"https:\/\/schema.org","@graph":[{"@type":"WebPage","@id":"https:\/\/thinkbeauty.es\/es\/contacto\/","url":"https:\/\/thinkbeauty.es\/es\/contacto\/","name":"Contacto - Think Beauty","isPartOf":{"@id":"https:\/\/thinkbeauty.es\/es\/#website"},"primaryImageOfPage":{"@id":"https:\/\/thinkbeauty.es\/es\/contacto\/#primaryimage"},"image":{"@id":"https:\/\/thinkbeauty.es\/es\/contacto\/#primaryimage"},"thumbnailUrl":"https:\/\/thinkbeauty.es\/wp-content\/uploads\/elementor\/thumbs\/Think_Hands_web-qrjrxzhhekgtj4yqus66bsu8nx2pzzhsn9drvd5nnk.jpg","datePublished":"2022-03-09T07:49:41+00:00","dateModified":"2025-02-19T06:18:34+00:00","breadcrumb":{"@id":"https:\/\/thinkbeauty.es\/es\/contacto\/#breadcrumb"},"inLanguage":"es","potentialAction":[{"@type":"ReadAction","target":["https:\/\/thinkbeauty.es\/es\/contacto\/"]}]},{"@type":"ImageObject","inLanguage":"es","@id":"https:\/\/thinkbeauty.es\/es\/contacto\/#primaryimage","url":"https:\/\/thinkbeauty.es\/wp-content\/uploads\/elementor\/thumbs\/Think_Hands_web-qrjrxzhhekgtj4yqus66bsu8nx2pzzhsn9drvd5nnk.jpg","contentUrl":"https:\/\/thinkbeauty.es\/wp-content\/uploads\/elementor\/thumbs\/Think_Hands_web-qrjrxzhhekgtj4yqus66bsu8nx2pzzhsn9drvd5nnk.jpg"},{"@type":"BreadcrumbList","@id":"https:\/\/thinkbeauty.es\/es\/contacto\/#breadcrumb","itemListElement":[{"@type":"ListItem","position":1,"name":"Home","item":"https:\/\/thinkbeauty.es\/es\/"},{"@type":"ListItem","position":2,"name":"Contacto"}]},{"@type":"WebSite","@id":"https:\/\/thinkbeauty.es\/es\/#website","url":"https:\/\/thinkbeauty.es\/es\/","name":"Think Beauty","description":"Ayudamos a marcas y founders extraordinarios a generar impacto en el \u00e1mbito de la belleza y del bienestar.","publisher":{"@id":"https:\/\/thinkbeauty.es\/es\/#organization"},"potentialAction":[{"@type":"SearchAction","target":{"@type":"EntryPoint","urlTemplate":"https:\/\/thinkbeauty.es\/es\/?s={search_term_string}"},"query-input":{"@type":"PropertyValueSpecification","valueRequired":true,"valueName":"search_term_string"}}],"inLanguage":"es"},{"@type":"Organization","@id":"https:\/\/thinkbeauty.es\/es\/#organization","name":"Think Beauty","url":"https:\/\/thinkbeauty.es\/es\/","logo":{"@type":"ImageObject","inLanguage":"es","@id":"https:\/\/thinkbeauty.es\/es\/#\/schema\/logo\/image\/","url":"https:\/\/thinkbeauty.es\/wp-content\/uploads\/2025\/02\/cropped-Think-Beauty_Logotipo_Azul-3.png","contentUrl":"https:\/\/thinkbeauty.es\/wp-content\/uploads\/2025\/02\/cropped-Think-Beauty_Logotipo_Azul-3.png","width":780,"height":210,"caption":"Think Beauty"},"image":{"@id":"https:\/\/thinkbeauty.es\/es\/#\/schema\/logo\/image\/"},"sameAs":["https:\/\/www.instagram.com\/thinkbeauty_es\/","https:\/\/www.linkedin.com\/company\/thinkbeauty\/"]}]}},"_links":{"self":[{"href":"https:\/\/thinkbeauty.es\/es\/wp-json\/wp\/v2\/pages\/2149","targetHints":{"allow":["GET"]}}],"collection":[{"href":"https:\/\/thinkbeauty.es\/es\/wp-json\/wp\/v2\/pages"}],"about":[{"href":"https:\/\/thinkbeauty.es\/es\/wp-json\/wp\/v2\/types\/page"}],"author":[{"embeddable":true,"href":"https:\/\/thinkbeauty.es\/es\/wp-json\/wp\/v2\/users\/1"}],"replies":[{"embeddable":true,"href":"https:\/\/thinkbeauty.es\/es\/wp-json\/wp\/v2\/comments?post=2149"}],"version-history":[{"count":43,"href":"https:\/\/thinkbeauty.es\/es\/wp-json\/wp\/v2\/pages\/2149\/revisions"}],"predecessor-version":[{"id":3641,"href":"https:\/\/thinkbeauty.es\/es\/wp-json\/wp\/v2\/pages\/2149\/revisions\/3641"}],"wp:attachment":[{"href":"https:\/\/thinkbeauty.es\/es\/wp-json\/wp\/v2\/media?parent=2149"}],"curies":[{"name":"wp","href":"https:\/\/api.w.org\/{rel}","templated":true}]}}